{"id":4588,"date":"2023-10-30T01:56:43","date_gmt":"2023-10-30T01:56:43","guid":{"rendered":"https:\/\/spelbladet.org\/contact\/"},"modified":"2025-02-27T10:22:13","modified_gmt":"2025-02-27T10:22:13","slug":"contact","status":"publish","type":"page","link":"https:\/\/spelbladet.org\/en\/contact\/","title":{"rendered":"Kontakt"},"content":{"rendered":"\t\t<div data-elementor-type=\"wp-page\" data-elementor-id=\"4588\" class=\"elementor elementor-4588 elementor-4047\">\n\t\t\t\t<div class=\"elementor-element elementor-element-4159b25 e-flex e-con-boxed e-con e-parent\" data-id=\"4159b25\" data-element_type=\"container\">\n\t\t\t\t\t<div class=\"e-con-inner\">\n\t\t\t\t<div class=\"elementor-element elementor-element-254ca57 elementor-widget elementor-widget-image\" data-id=\"254ca57\" data-element_type=\"widget\" data-widget_type=\"image.default\">\n\t\t\t\t<div class=\"elementor-widget-container\">\n\t\t\t<style>\/*! elementor - v3.22.0 - 26-06-2024 *\/\n.elementor-widget-image{text-align:center}.elementor-widget-image a{display:inline-block}.elementor-widget-image a img[src$=\".svg\"]{width:48px}.elementor-widget-image img{vertical-align:middle;display:inline-block}<\/style>\t\t\t\t\t\t\t\t\t\t\t<a href=\"https:\/\/www.google.com\/maps\/@40.6315416,-75.3576829,18z\">\n\t\t\t\t\t\t\t<img decoding=\"async\" src=\"https:\/\/foxiz.themeruby.com\/spotlight\/wp-content\/uploads\/sites\/5\/2023\/10\/map.png\" title=\"\" alt=\"\" loading=\"lazy\" \/>\t\t\t\t\t\t\t\t<\/a>\n\t\t\t\t\t\t\t\t\t\t\t\t\t<\/div>\n\t\t\t\t<\/div>\n\t\t\t\t<div class=\"elementor-element elementor-element-6370408 elementor-widget elementor-widget-text-editor\" data-id=\"6370408\" data-element_type=\"widget\" data-widget_type=\"text-editor.default\">\n\t\t\t\t<div class=\"elementor-widget-container\">\n\t\t\t<style>\/*! elementor - v3.22.0 - 26-06-2024 *\/\n.elementor-widget-text-editor.elementor-drop-cap-view-stacked .elementor-drop-cap{background-color:#69727d;color:#fff}.elementor-widget-text-editor.elementor-drop-cap-view-framed .elementor-drop-cap{color:#69727d;border:3px solid;background-color:transparent}.elementor-widget-text-editor:not(.elementor-drop-cap-view-default) .elementor-drop-cap{margin-top:8px}.elementor-widget-text-editor:not(.elementor-drop-cap-view-default) .elementor-drop-cap-letter{width:1em;height:1em}.elementor-widget-text-editor .elementor-drop-cap{float:left;text-align:center;line-height:1;font-size:50px}.elementor-widget-text-editor .elementor-drop-cap-letter{display:inline-block}<\/style>\t\t\t\t<div class=\"flex-shrink-0 flex flex-col relative items-end\"><div><div class=\"pt-0.5 juice:pt-0\"><div class=\"gizmo-bot-avatar flex h-6 w-6 items-center justify-center overflow-hidden rounded-full juice:h-8 juice:w-8\"><h2 class=\"relative p-1 rounded-sm flex items-center justify-center bg-token-main-surface-primary text-token-text-primary h-8 w-8\">Kontakta Oss<\/h2><\/div><\/div><\/div><\/div><div class=\"group\/conversation-turn relative flex w-full min-w-0 flex-col agent-turn\"><div class=\"flex-col gap-1 md:gap-3\"><div class=\"flex flex-grow flex-col max-w-full\"><div class=\"min-h-[20px] text-message flex flex-col items-start whitespace-pre-wrap break-words [.text-message+&amp;]:mt-5 juice:w-full juice:items-end overflow-x-auto gap-2\" dir=\"auto\" data-message-author-role=\"assistant\" data-message-id=\"29d22a88-54aa-4fda-ac30-32a7c939d110\"><div class=\"flex w-full flex-col gap-1 juice:empty:hidden juice:first:pt-[3px]\"><div class=\"markdown prose w-full break-words dark:prose-invert dark\"><p>Vi p\u00e5 Spelbladet.org uppskattar din feedback och \u00e4r alltid glada att h\u00f6ra fr\u00e5n v\u00e5ra bes\u00f6kare. Om du har n\u00e5gra fr\u00e5gor, f\u00f6rslag eller bara vill komma i kontakt med oss, tveka inte att skicka ett meddelande.<\/p><p>Du kan n\u00e5 oss genom att fylla i formul\u00e4ret nedan, s\u00e5 \u00e5terkommer vi till dig s\u00e5 snart som m\u00f6jligt.<\/p><\/div><\/div><\/div><\/div><\/div><\/div>\t\t\t\t\t\t<\/div>\n\t\t\t\t<\/div>\n\t\t\t\t\t<\/div>\n\t\t\t\t<\/div>\n\t\t<div class=\"elementor-element elementor-element-ec6832d e-flex e-con-boxed e-con e-parent\" data-id=\"ec6832d\" data-element_type=\"container\">\n\t\t\t\t\t<div class=\"e-con-inner\">\n\t\t\t\t<div class=\"elementor-element elementor-element-7358370 elementor-widget elementor-widget-html\" data-id=\"7358370\" data-element_type=\"widget\" data-widget_type=\"html.default\">\n\t\t\t\t<div class=\"elementor-widget-container\">\n\t\t\t<style>\n  \/* Contact Box Styling *\/\n  .contact-box {\n    max-width: 400px; \/* Limits width for a clean look *\/\n    padding: 20px;\n    background-color: #f8f9fa; \/* Light grey background *\/\n    border-radius: 12px; \/* Smooth edges *\/\n    border: 1px solid #ccc; \/* Subtle border *\/\n    box-shadow: 0px 4px 8px rgba(0, 0, 0, 0.1); \/* Light shadow for depth *\/\n  }\n\n  \/* Contact Title *\/\n  .contact-title {\n    font-size: 22px;\n    font-weight: bold;\n    font-family: \"Arial\", sans-serif;\n    color: #004085; \/* Deep blue *\/\n    margin-bottom: 12px;\n  }\n\n  \/* Contact Buttons *\/\n  .contact-button {\n    font-size: 18px;\n    font-family: \"Arial\", sans-serif;\n    font-weight: bold;\n    color: #ffffff; \/* White text *\/\n    background-color: #004085; \/* Deep blue *\/\n    border: none;\n    border-radius: 8px; \/* Smooth edges *\/\n    padding: 12px 20px; \/* Optimal click area *\/\n    text-decoration: none;\n    display: flex;\n    align-items: center;\n    justify-content: left;\n    transition: all 0.3s ease-in-out;\n    cursor: pointer;\n    box-shadow: 0px 4px 6px rgba(0, 0, 0, 0.1);\n    width: 100%; \/* Full width inside the contact box *\/\n  }\n\n  .contact-button:hover {\n    background-color: #002b5e; \/* Darker blue on hover *\/\n    box-shadow: 0px 6px 10px rgba(0, 0, 0, 0.15);\n  }\n\n  \/* Contact Container *\/\n  .contact-container {\n    display: flex;\n    flex-direction: column;\n    gap: 10px;\n    align-items: flex-start;\n  }\n\n  \/* Email Text *\/\n  .email-text {\n    font-size: 18px;\n    font-family: \"Arial\", sans-serif;\n    font-weight: bold;\n    color: #004085;\n    margin-bottom: 10px;\n    display: block;\n  }\n\n  \/* Button Icons *\/\n  .contact-button i {\n    margin-right: 10px;\n  }\n<\/style>\n\n<script>\n  document.addEventListener(\"DOMContentLoaded\", function() {\n    \/\/ ** Automatically sets the email to match the website\u2019s domain **\nvar emailUser = \"hello\";\nvar emailDomain = \"gmdc.org\"; \/\/ L\u00e4gg till citationstecken h\u00e4r\nvar emailFull = emailUser + \"@\" + emailDomain;\n\n    \/\/ Show Email as Text (Bot-Protected)\n    var emailText = document.createElement(\"span\");\n    emailText.className = \"email-text\";\n    emailText.innerHTML = \"\ud83d\udce7 \" + emailFull;\n    document.getElementById(\"email-display\").appendChild(emailText);\n\n    \/\/ Email Button\n    var emailLink = document.createElement(\"a\");\n    emailLink.href = \"mailto:\" + emailFull;\n    emailLink.className = \"contact-button\";\n    emailLink.innerHTML = \"\ud83d\udce9 Send Email\";\n    document.getElementById(\"email-button\").appendChild(emailLink);\n\n    \/\/ Skype Button\n    var skypeID = \"live:.cid.d5c381bed0056b6c\";\n    var skypeLink = document.createElement(\"a\");\n    skypeLink.href = \"skype:\" + skypeID + \"?chat\";\n    skypeLink.className = \"contact-button\";\n    skypeLink.innerHTML = \"\ud83d\udcac Chat on Skype\";\n    document.getElementById(\"skype-link\").appendChild(skypeLink);\n\n    \/\/ Telegram Button\n    var telegramLink = document.createElement(\"a\");\n    telegramLink.href = \"https:\/\/t.me\/m\/OEuW4H1OMzY0\";\n    telegramLink.className = \"contact-button\";\n    telegramLink.innerHTML = \"\ud83d\udcf2 Chat on Telegram\";\n    document.getElementById(\"telegram-link\").appendChild(telegramLink);\n  });\n<\/script>\n\n<!-- Contact Box -->\n<div class=\"contact-box\">\n  <div class=\"contact-title\">\ud83d\udcde Contact us<\/div>\n  <div id=\"email-display\"><\/div> <!-- Email shown dynamically -->\n  <div class=\"contact-container\">\n    <div id=\"email-button\"><\/div>\n    <div id=\"skype-link\"><\/div>\n    <div id=\"telegram-link\"><\/div>\n  <\/div>\n<\/div>\t\t<\/div>\n\t\t\t\t<\/div>\n\t\t\t\t\t<\/div>\n\t\t\t\t<\/div>\n\t\t\t\t<\/div>\n\t\t","protected":false},"excerpt":{"rendered":"<p>Kontakta Oss Vi p\u00e5 Spelbladet.org uppskattar din feedback och \u00e4r alltid glada att h\u00f6ra fr\u00e5n v\u00e5ra bes\u00f6kare. Om du har n\u00e5gra fr\u00e5gor, f\u00f6rslag eller bara vill komma i kontakt med oss, tveka inte att skicka ett meddelande. Du kan n\u00e5 oss genom att fylla i formul\u00e4ret nedan, s\u00e5 \u00e5terkommer vi till dig s\u00e5 snart som [&hellip;]<\/p>\n","protected":false},"author":1,"featured_media":651,"parent":0,"menu_order":0,"comment_status":"closed","ping_status":"closed","template":"","meta":{"content-type":"","footnotes":""},"class_list":["post-4588","page","type-page","status-publish","has-post-thumbnail"],"yoast_head":"<!-- This site is optimized with the Yoast SEO plugin v23.0 - https:\/\/yoast.com\/wordpress\/plugins\/seo\/ -->\n<title>Kontakt - Spelbladet.org<\/title>\n<meta name=\"robots\" content=\"index, follow, max-snippet:-1, max-image-preview:large, max-video-preview:-1\" \/>\n<link rel=\"canonical\" href=\"https:\/\/spelbladet.org\/en\/contact\/\" \/>\n<meta property=\"og:locale\" content=\"en_US\" \/>\n<meta property=\"og:type\" content=\"article\" \/>\n<meta property=\"og:title\" content=\"Kontakt - Spelbladet.org\" \/>\n<meta property=\"og:description\" content=\"Kontakta Oss Vi p\u00e5 Spelbladet.org uppskattar din feedback och \u00e4r alltid glada att h\u00f6ra fr\u00e5n v\u00e5ra bes\u00f6kare. Om du har n\u00e5gra fr\u00e5gor, f\u00f6rslag eller bara vill komma i kontakt med oss, tveka inte att skicka ett meddelande. Du kan n\u00e5 oss genom att fylla i formul\u00e4ret nedan, s\u00e5 \u00e5terkommer vi till dig s\u00e5 snart som [&hellip;]\" \/>\n<meta property=\"og:url\" content=\"https:\/\/spelbladet.org\/en\/contact\/\" \/>\n<meta property=\"og:site_name\" content=\"Spelbladet.org\" \/>\n<meta property=\"article:modified_time\" content=\"2025-02-27T10:22:13+00:00\" \/>\n<meta property=\"og:image\" content=\"https:\/\/spelbladet.org\/wp-content\/uploads\/2024\/03\/gikvy_ks9vq.jpg\" \/>\n\t<meta property=\"og:image:width\" content=\"1600\" \/>\n\t<meta property=\"og:image:height\" content=\"1063\" \/>\n\t<meta property=\"og:image:type\" content=\"image\/jpeg\" \/>\n<meta name=\"twitter:card\" content=\"summary_large_image\" \/>\n<script type=\"application\/ld+json\" class=\"yoast-schema-graph\">{\"@context\":\"https:\/\/schema.org\",\"@graph\":[{\"@type\":\"WebPage\",\"@id\":\"https:\/\/spelbladet.org\/en\/contact\/\",\"url\":\"https:\/\/spelbladet.org\/en\/contact\/\",\"name\":\"Kontakt - Spelbladet.org\",\"isPartOf\":{\"@id\":\"https:\/\/spelbladet.org\/#website\"},\"primaryImageOfPage\":{\"@id\":\"https:\/\/spelbladet.org\/en\/contact\/#primaryimage\"},\"image\":{\"@id\":\"https:\/\/spelbladet.org\/en\/contact\/#primaryimage\"},\"thumbnailUrl\":\"https:\/\/spelbladet.org\/wp-content\/uploads\/2024\/03\/gikvy_ks9vq.jpg\",\"datePublished\":\"2023-10-30T01:56:43+00:00\",\"dateModified\":\"2025-02-27T10:22:13+00:00\",\"breadcrumb\":{\"@id\":\"https:\/\/spelbladet.org\/en\/contact\/#breadcrumb\"},\"inLanguage\":\"en-US\",\"potentialAction\":[{\"@type\":\"ReadAction\",\"target\":[\"https:\/\/spelbladet.org\/en\/contact\/\"]}]},{\"@type\":\"ImageObject\",\"inLanguage\":\"en-US\",\"@id\":\"https:\/\/spelbladet.org\/en\/contact\/#primaryimage\",\"url\":\"https:\/\/spelbladet.org\/wp-content\/uploads\/2024\/03\/gikvy_ks9vq.jpg\",\"contentUrl\":\"https:\/\/spelbladet.org\/wp-content\/uploads\/2024\/03\/gikvy_ks9vq.jpg\",\"width\":1600,\"height\":1063},{\"@type\":\"BreadcrumbList\",\"@id\":\"https:\/\/spelbladet.org\/en\/contact\/#breadcrumb\",\"itemListElement\":[{\"@type\":\"ListItem\",\"position\":1,\"name\":\"Hem\",\"item\":\"https:\/\/spelbladet.org\/en\/spotlight-home\/\"},{\"@type\":\"ListItem\",\"position\":2,\"name\":\"Kontakt\"}]},{\"@type\":\"WebSite\",\"@id\":\"https:\/\/spelbladet.org\/#website\",\"url\":\"https:\/\/spelbladet.org\/\",\"name\":\"Spelbladet.org\",\"description\":\"\",\"potentialAction\":[{\"@type\":\"SearchAction\",\"target\":{\"@type\":\"EntryPoint\",\"urlTemplate\":\"https:\/\/spelbladet.org\/?s={search_term_string}\"},\"query-input\":\"required name=search_term_string\"}],\"inLanguage\":\"en-US\"}]}<\/script>\n<!-- \/ Yoast SEO plugin. -->","yoast_head_json":{"title":"Kontakt - Spelbladet.org","robots":{"index":"index","follow":"follow","max-snippet":"max-snippet:-1","max-image-preview":"max-image-preview:large","max-video-preview":"max-video-preview:-1"},"canonical":"https:\/\/spelbladet.org\/en\/contact\/","og_locale":"en_US","og_type":"article","og_title":"Kontakt - Spelbladet.org","og_description":"Kontakta Oss Vi p\u00e5 Spelbladet.org uppskattar din feedback och \u00e4r alltid glada att h\u00f6ra fr\u00e5n v\u00e5ra bes\u00f6kare. Om du har n\u00e5gra fr\u00e5gor, f\u00f6rslag eller bara vill komma i kontakt med oss, tveka inte att skicka ett meddelande. Du kan n\u00e5 oss genom att fylla i formul\u00e4ret nedan, s\u00e5 \u00e5terkommer vi till dig s\u00e5 snart som [&hellip;]","og_url":"https:\/\/spelbladet.org\/en\/contact\/","og_site_name":"Spelbladet.org","article_modified_time":"2025-02-27T10:22:13+00:00","og_image":[{"width":1600,"height":1063,"url":"https:\/\/spelbladet.org\/wp-content\/uploads\/2024\/03\/gikvy_ks9vq.jpg","type":"image\/jpeg"}],"twitter_card":"summary_large_image","schema":{"@context":"https:\/\/schema.org","@graph":[{"@type":"WebPage","@id":"https:\/\/spelbladet.org\/en\/contact\/","url":"https:\/\/spelbladet.org\/en\/contact\/","name":"Kontakt - Spelbladet.org","isPartOf":{"@id":"https:\/\/spelbladet.org\/#website"},"primaryImageOfPage":{"@id":"https:\/\/spelbladet.org\/en\/contact\/#primaryimage"},"image":{"@id":"https:\/\/spelbladet.org\/en\/contact\/#primaryimage"},"thumbnailUrl":"https:\/\/spelbladet.org\/wp-content\/uploads\/2024\/03\/gikvy_ks9vq.jpg","datePublished":"2023-10-30T01:56:43+00:00","dateModified":"2025-02-27T10:22:13+00:00","breadcrumb":{"@id":"https:\/\/spelbladet.org\/en\/contact\/#breadcrumb"},"inLanguage":"en-US","potentialAction":[{"@type":"ReadAction","target":["https:\/\/spelbladet.org\/en\/contact\/"]}]},{"@type":"ImageObject","inLanguage":"en-US","@id":"https:\/\/spelbladet.org\/en\/contact\/#primaryimage","url":"https:\/\/spelbladet.org\/wp-content\/uploads\/2024\/03\/gikvy_ks9vq.jpg","contentUrl":"https:\/\/spelbladet.org\/wp-content\/uploads\/2024\/03\/gikvy_ks9vq.jpg","width":1600,"height":1063},{"@type":"BreadcrumbList","@id":"https:\/\/spelbladet.org\/en\/contact\/#breadcrumb","itemListElement":[{"@type":"ListItem","position":1,"name":"Hem","item":"https:\/\/spelbladet.org\/en\/spotlight-home\/"},{"@type":"ListItem","position":2,"name":"Kontakt"}]},{"@type":"WebSite","@id":"https:\/\/spelbladet.org\/#website","url":"https:\/\/spelbladet.org\/","name":"Spelbladet.org","description":"","potentialAction":[{"@type":"SearchAction","target":{"@type":"EntryPoint","urlTemplate":"https:\/\/spelbladet.org\/?s={search_term_string}"},"query-input":"required name=search_term_string"}],"inLanguage":"en-US"}]}},"_links":{"self":[{"href":"https:\/\/spelbladet.org\/en\/wp-json\/wp\/v2\/pages\/4588","targetHints":{"allow":["GET"]}}],"collection":[{"href":"https:\/\/spelbladet.org\/en\/wp-json\/wp\/v2\/pages"}],"about":[{"href":"https:\/\/spelbladet.org\/en\/wp-json\/wp\/v2\/types\/page"}],"author":[{"embeddable":true,"href":"https:\/\/spelbladet.org\/en\/wp-json\/wp\/v2\/users\/1"}],"replies":[{"embeddable":true,"href":"https:\/\/spelbladet.org\/en\/wp-json\/wp\/v2\/comments?post=4588"}],"version-history":[{"count":3,"href":"https:\/\/spelbladet.org\/en\/wp-json\/wp\/v2\/pages\/4588\/revisions"}],"predecessor-version":[{"id":4657,"href":"https:\/\/spelbladet.org\/en\/wp-json\/wp\/v2\/pages\/4588\/revisions\/4657"}],"wp:featuredmedia":[{"embeddable":true,"href":"https:\/\/spelbladet.org\/en\/wp-json\/wp\/v2\/media\/651"}],"wp:attachment":[{"href":"https:\/\/spelbladet.org\/en\/wp-json\/wp\/v2\/media?parent=4588"}],"curies":[{"name":"wp","href":"https:\/\/api.w.org\/{rel}","templated":true}]}}